{"id":18,"date":"2022-02-25T18:33:28","date_gmt":"2022-02-25T18:33:28","guid":{"rendered":"https:\/\/joulupukinmaa.fuison.fi\/?page_id=18"},"modified":"2023-02-11T18:31:51","modified_gmt":"2023-02-11T16:31:51","slug":"ota-yhteytta","status":"publish","type":"page","link":"https:\/\/joulupukinmaa.fuison.fi\/index.php\/ota-yhteytta\/","title":{"rendered":"Info"},"content":{"rendered":"\n<h2 class=\"wp-block-heading\">Mik\u00e4mik\u00e4mik\u00e4&#8230;?<\/h2>\n\n\n\n<p>Joulupukinmaa on jo kolmas Hiiht\u00e4j\u00e4ntien pakohuone. Hiiht\u00e4j\u00e4ntien pakohuone on nopeasti noussut kulttimaineeseen k\u00e4vij\u00f6iden keskuudessa \ud83d\ude42<\/p>\n\n\n\n<p>Meille tekij\u00f6ille pakohuoneen rakentelu on mukava harrastus. Aikaa ja v\u00e4h\u00e4n rahaakin siihen kuluu, mutta niinh\u00e4n kaikkiin harrastuksiin..?<\/p>\n\n\n\n<p>K\u00e4vij\u00f6ille pakohuone on puolestaan loistava irtiotto arjesta, mukavaa tiimity\u00f6skentely\u00e4 ja huippukivaa ongelmien ratkaisua sek\u00e4 tietysti onnistumisen suurta iloa!<\/p>\n\n\n\n<h2 class=\"wp-block-heading\">T\u00e4h..?<\/h2>\n\n\n\n<p>Pakohuone on hyv\u00e4 suorittaa noin nelj\u00e4n hengen ryhmiss\u00e4 (3-5 hl\u00f6). Huone sopii niin aikuisille kuin lapsillekin &#8211; ja varsinkin lapsenmielisille!<\/p>\n\n\n\n<p>Meid\u00e4n pakohuoneessa ei ole kameroita eik\u00e4 p\u00e4heet\u00e4 vinkkisysteemi\u00e4, joten huoneessa on koko ajan mukana pelinohjaaja. Pelinohjaajana toimii meid\u00e4n perheenj\u00e4sen, p\u00e4\u00e4asiassa aikuinen.<\/p>\n\n\n\n<p>Pakohuoneella on tunnin tavoiteaika, mutta t\u00e4m\u00e4n seikkailun saa aina suorittaa loppuun asti \u2013 kukaan ei siis ikin\u00e4 j\u00e4\u00e4 huoneeseen! Keskim\u00e4\u00e4rin pakohuonevierailussa aikaa kuluu noin 1,5h \/ ryhm\u00e4, sis\u00e4lt\u00e4en alkuinfon sek\u00e4 huoneessa vietetyn ajan.<\/p>\n\n\n\n<p>Ja mik\u00e4 parasta, t\u00e4m\u00e4 pakohuone on k\u00e4vij\u00f6ille&nbsp;<strong>t\u00e4ysin ilmainen<\/strong>!<\/p>\n\n\n\n<h2 class=\"wp-block-heading\">Siis mit\u00e4?<\/h2>\n\n\n\n<ul class=\"wp-block-list\">\n<li>Pakohuone ei ole lukittu \u2013 sielt\u00e4 p\u00e4\u00e4see aina pois, vaikka kesken pakoilun.<\/li>\n\n\n\n<li>Pakohuoneessa on aina pelinohjaaja mukana valvomassa ryhm\u00e4n toimintaa ja tarvittaessa neuvomassa pulmien kannsa.<\/li>\n\n\n\n<li>Tule vain terveen\u00e4!<\/li>\n\n\n\n<li>K\u00e4sien pesu sek\u00e4 k\u00e4sidesi ennen ja j\u00e4lkeen pakoilun.<\/li>\n\n\n\n<li>Omien maskien k\u00e4ytt\u00f6 mahdollista.<\/li>\n<\/ul>\n\n\n\n<h2 class=\"wp-block-heading\">Yhteystiedot:<\/h2>\n\n\n\n<div class=\"wp-block-columns is-layout-flex wp-container-core-columns-is-layout-1 wp-block-columns-is-layout-flex\">\n<div class=\"wp-block-column is-layout-flow wp-block-column-is-layout-flow\">\n<p class=\"has-text-align-right\">Mari Rautiainen<br>050 3213203<br>mari.rautiainen@gmail.com<\/p>\n<\/div>\n\n\n\n<div class=\"wp-block-column is-layout-flow wp-block-column-is-layout-flow\">\n<p>Juha Korhonen<br>050 3607096<br>julpero@gmail.com<\/p>\n<\/div>\n<\/div>\n\n\n\n<div class=\"wp-block-columns is-layout-flex wp-container-core-columns-is-layout-2 wp-block-columns-is-layout-flex\">\n<div class=\"wp-block-column is-layout-flow wp-block-column-is-layout-flow\">\n<p class=\"has-text-align-right\">Seuraa somessa<\/p>\n<\/div>\n\n\n\n<div class=\"wp-block-column is-layout-flow wp-block-column-is-layout-flow\">\n<ul class=\"wp-block-social-links has-visible-labels is-style-pill-shape is-horizontal is-content-justification-left is-layout-flex wp-container-core-social-links-is-layout-1 wp-block-social-links-is-layout-flex\"><li class=\"wp-social-link wp-social-link-facebook  wp-block-social-link\"><a rel=\"noopener nofollow\" target=\"_blank\" href=\"https:\/\/www.facebook.com\/profile.php?id=100086370640806\" class=\"wp-block-social-link-anchor\"><svg width=\"24\" height=\"24\" viewBox=\"0 0 24 24\" version=\"1.1\" xmlns=\"http:\/\/www.w3.org\/2000\/svg\" aria-hidden=\"true\" focusable=\"false\"><path d=\"M12 2C6.5 2 2 6.5 2 12c0 5 3.7 9.1 8.4 9.9v-7H7.9V12h2.5V9.8c0-2.5 1.5-3.9 3.8-3.9 1.1 0 2.2.2 2.2.2v2.5h-1.3c-1.2 0-1.6.8-1.6 1.6V12h2.8l-.4 2.9h-2.3v7C18.3 21.1 22 17 22 12c0-5.5-4.5-10-10-10z\"><\/path><\/svg><span class=\"wp-block-social-link-label\">Hiiht\u00e4j\u00e4ntien Pakohuone<\/span><\/a><\/li><\/ul>\n<\/div>\n<\/div>\n","protected":false},"excerpt":{"rendered":"<p>Mik\u00e4mik\u00e4mik\u00e4&#8230;? Joulupukinmaa on jo kolmas Hiiht\u00e4j\u00e4ntien pakohuone. Hiiht\u00e4j\u00e4ntien pakohuone on nopeasti noussut kulttimaineeseen k\u00e4vij\u00f6iden keskuudessa \ud83d\ude42 Meille tekij\u00f6ille pakohuoneen rakentelu on mukava harrastus. Aikaa ja v\u00e4h\u00e4n rahaakin siihen kuluu, mutta niinh\u00e4n kaikkiin harrastuksiin..? K\u00e4vij\u00f6ille pakohuone on puolestaan loistava irtiotto arjesta, &hellip; <\/p>\n","protected":false},"author":1,"featured_media":0,"parent":0,"menu_order":0,"comment_status":"closed","ping_status":"closed","template":"","meta":{"footnotes":""},"class_list":["post-18","page","type-page","status-publish","hentry"],"yoast_head":"<!-- This site is optimized with the Yoast SEO plugin v24.5 - https:\/\/yoast.com\/wordpress\/plugins\/seo\/ -->\n<title>Info - Joulupukinmaa<\/title>\n<meta name=\"robots\" content=\"index, follow, max-snippet:-1, max-image-preview:large, max-video-preview:-1\" \/>\n<link rel=\"canonical\" href=\"https:\/\/joulupukinmaa.fuison.fi\/index.php\/ota-yhteytta\/\" \/>\n<meta property=\"og:locale\" content=\"fi_FI\" \/>\n<meta property=\"og:type\" content=\"article\" \/>\n<meta property=\"og:title\" content=\"Info - Joulupukinmaa\" \/>\n<meta property=\"og:description\" content=\"Mik\u00e4mik\u00e4mik\u00e4&#8230;? Joulupukinmaa on jo kolmas Hiiht\u00e4j\u00e4ntien pakohuone. Hiiht\u00e4j\u00e4ntien pakohuone on nopeasti noussut kulttimaineeseen k\u00e4vij\u00f6iden keskuudessa \ud83d\ude42 Meille tekij\u00f6ille pakohuoneen rakentelu on mukava harrastus. Aikaa ja v\u00e4h\u00e4n rahaakin siihen kuluu, mutta niinh\u00e4n kaikkiin harrastuksiin..? K\u00e4vij\u00f6ille pakohuone on puolestaan loistava irtiotto arjesta, &hellip;\" \/>\n<meta property=\"og:url\" content=\"https:\/\/joulupukinmaa.fuison.fi\/index.php\/ota-yhteytta\/\" \/>\n<meta property=\"og:site_name\" content=\"Joulupukinmaa\" \/>\n<meta property=\"article:publisher\" content=\"https:\/\/www.facebook.com\/people\/Hiihtjntien-Pakohuone\/100086370640806\/\" \/>\n<meta property=\"article:modified_time\" content=\"2023-02-11T16:31:51+00:00\" \/>\n<meta name=\"twitter:card\" content=\"summary_large_image\" \/>\n<meta name=\"twitter:label1\" content=\"Arvioitu lukuaika\" \/>\n\t<meta name=\"twitter:data1\" content=\"2 minuuttia\" \/>\n<script type=\"application\/ld+json\" class=\"yoast-schema-graph\">{\"@context\":\"https:\/\/schema.org\",\"@graph\":[{\"@type\":\"WebPage\",\"@id\":\"https:\/\/joulupukinmaa.fuison.fi\/index.php\/ota-yhteytta\/\",\"url\":\"https:\/\/joulupukinmaa.fuison.fi\/index.php\/ota-yhteytta\/\",\"name\":\"Info - Joulupukinmaa\",\"isPartOf\":{\"@id\":\"https:\/\/joulupukinmaa.fuison.fi\/#website\"},\"datePublished\":\"2022-02-25T18:33:28+00:00\",\"dateModified\":\"2023-02-11T16:31:51+00:00\",\"breadcrumb\":{\"@id\":\"https:\/\/joulupukinmaa.fuison.fi\/index.php\/ota-yhteytta\/#breadcrumb\"},\"inLanguage\":\"fi\",\"potentialAction\":[{\"@type\":\"ReadAction\",\"target\":[\"https:\/\/joulupukinmaa.fuison.fi\/index.php\/ota-yhteytta\/\"]}]},{\"@type\":\"BreadcrumbList\",\"@id\":\"https:\/\/joulupukinmaa.fuison.fi\/index.php\/ota-yhteytta\/#breadcrumb\",\"itemListElement\":[{\"@type\":\"ListItem\",\"position\":1,\"name\":\"Etusivu\",\"item\":\"https:\/\/joulupukinmaa.fuison.fi\/\"},{\"@type\":\"ListItem\",\"position\":2,\"name\":\"Info\"}]},{\"@type\":\"WebSite\",\"@id\":\"https:\/\/joulupukinmaa.fuison.fi\/#website\",\"url\":\"https:\/\/joulupukinmaa.fuison.fi\/\",\"name\":\"Joulupukinmaa\",\"description\":\"Se aito ja oikea Hiiht&auml;j&auml;ntien joulupukkila!\",\"alternateName\":\"Hiiht\u00e4j\u00e4ntien Pakohuone\",\"potentialAction\":[{\"@type\":\"SearchAction\",\"target\":{\"@type\":\"EntryPoint\",\"urlTemplate\":\"https:\/\/joulupukinmaa.fuison.fi\/?s={search_term_string}\"},\"query-input\":{\"@type\":\"PropertyValueSpecification\",\"valueRequired\":true,\"valueName\":\"search_term_string\"}}],\"inLanguage\":\"fi\"}]}<\/script>\n<!-- \/ Yoast SEO plugin. -->","yoast_head_json":{"title":"Info - Joulupukinmaa","robots":{"index":"index","follow":"follow","max-snippet":"max-snippet:-1","max-image-preview":"max-image-preview:large","max-video-preview":"max-video-preview:-1"},"canonical":"https:\/\/joulupukinmaa.fuison.fi\/index.php\/ota-yhteytta\/","og_locale":"fi_FI","og_type":"article","og_title":"Info - Joulupukinmaa","og_description":"Mik\u00e4mik\u00e4mik\u00e4&#8230;? Joulupukinmaa on jo kolmas Hiiht\u00e4j\u00e4ntien pakohuone. Hiiht\u00e4j\u00e4ntien pakohuone on nopeasti noussut kulttimaineeseen k\u00e4vij\u00f6iden keskuudessa \ud83d\ude42 Meille tekij\u00f6ille pakohuoneen rakentelu on mukava harrastus. Aikaa ja v\u00e4h\u00e4n rahaakin siihen kuluu, mutta niinh\u00e4n kaikkiin harrastuksiin..? K\u00e4vij\u00f6ille pakohuone on puolestaan loistava irtiotto arjesta, &hellip;","og_url":"https:\/\/joulupukinmaa.fuison.fi\/index.php\/ota-yhteytta\/","og_site_name":"Joulupukinmaa","article_publisher":"https:\/\/www.facebook.com\/people\/Hiihtjntien-Pakohuone\/100086370640806\/","article_modified_time":"2023-02-11T16:31:51+00:00","twitter_card":"summary_large_image","twitter_misc":{"Arvioitu lukuaika":"2 minuuttia"},"schema":{"@context":"https:\/\/schema.org","@graph":[{"@type":"WebPage","@id":"https:\/\/joulupukinmaa.fuison.fi\/index.php\/ota-yhteytta\/","url":"https:\/\/joulupukinmaa.fuison.fi\/index.php\/ota-yhteytta\/","name":"Info - Joulupukinmaa","isPartOf":{"@id":"https:\/\/joulupukinmaa.fuison.fi\/#website"},"datePublished":"2022-02-25T18:33:28+00:00","dateModified":"2023-02-11T16:31:51+00:00","breadcrumb":{"@id":"https:\/\/joulupukinmaa.fuison.fi\/index.php\/ota-yhteytta\/#breadcrumb"},"inLanguage":"fi","potentialAction":[{"@type":"ReadAction","target":["https:\/\/joulupukinmaa.fuison.fi\/index.php\/ota-yhteytta\/"]}]},{"@type":"BreadcrumbList","@id":"https:\/\/joulupukinmaa.fuison.fi\/index.php\/ota-yhteytta\/#breadcrumb","itemListElement":[{"@type":"ListItem","position":1,"name":"Etusivu","item":"https:\/\/joulupukinmaa.fuison.fi\/"},{"@type":"ListItem","position":2,"name":"Info"}]},{"@type":"WebSite","@id":"https:\/\/joulupukinmaa.fuison.fi\/#website","url":"https:\/\/joulupukinmaa.fuison.fi\/","name":"Joulupukinmaa","description":"Se aito ja oikea Hiiht&auml;j&auml;ntien joulupukkila!","alternateName":"Hiiht\u00e4j\u00e4ntien Pakohuone","potentialAction":[{"@type":"SearchAction","target":{"@type":"EntryPoint","urlTemplate":"https:\/\/joulupukinmaa.fuison.fi\/?s={search_term_string}"},"query-input":{"@type":"PropertyValueSpecification","valueRequired":true,"valueName":"search_term_string"}}],"inLanguage":"fi"}]}},"_links":{"self":[{"href":"https:\/\/joulupukinmaa.fuison.fi\/index.php\/wp-json\/wp\/v2\/pages\/18","targetHints":{"allow":["GET"]}}],"collection":[{"href":"https:\/\/joulupukinmaa.fuison.fi\/index.php\/wp-json\/wp\/v2\/pages"}],"about":[{"href":"https:\/\/joulupukinmaa.fuison.fi\/index.php\/wp-json\/wp\/v2\/types\/page"}],"author":[{"embeddable":true,"href":"https:\/\/joulupukinmaa.fuison.fi\/index.php\/wp-json\/wp\/v2\/users\/1"}],"replies":[{"embeddable":true,"href":"https:\/\/joulupukinmaa.fuison.fi\/index.php\/wp-json\/wp\/v2\/comments?post=18"}],"version-history":[{"count":6,"href":"https:\/\/joulupukinmaa.fuison.fi\/index.php\/wp-json\/wp\/v2\/pages\/18\/revisions"}],"predecessor-version":[{"id":106,"href":"https:\/\/joulupukinmaa.fuison.fi\/index.php\/wp-json\/wp\/v2\/pages\/18\/revisions\/106"}],"wp:attachment":[{"href":"https:\/\/joulupukinmaa.fuison.fi\/index.php\/wp-json\/wp\/v2\/media?parent=18"}],"curies":[{"name":"wp","href":"https:\/\/api.w.org\/{rel}","templated":true}]}}